{"id":2950,"date":"2023-08-09T13:17:15","date_gmt":"2023-08-09T11:17:15","guid":{"rendered":"https:\/\/staging.web36.s292.goserver.host\/?page_id=2950"},"modified":"2024-04-04T17:40:32","modified_gmt":"2024-04-04T15:40:32","slug":"karrieren","status":"publish","type":"page","link":"https:\/\/www.freeflowmedical.com\/de\/unternehmen\/karrieren\/","title":{"rendered":"Karrieren"},"content":{"rendered":"<div class=\"gb-container gb-container-5f75bbcf\">\n<div class=\"gb-container gb-container-14aa9124\">\n\n<h2 class=\"gb-headline gb-headline-139ef5b6 gb-headline-text\">Free Flow Medical<sup>\u00ae<\/sup> strebt nach Verbesserung der Lebensqualit\u00e4t f\u00fcr Patienten\/Patientinnen in der ganzen Welt.<\/h2>\n\n\n\n<p>Wir sind bestrebt, unsere Mitarbeiter so zu f\u00f6rdern, dass sie die gr\u00f6\u00dftm\u00f6gliche Wirkungskraft entfalten k\u00f6nnen.<\/p>\n\n\n\n<p>Wenn Sie <strong>frische Ideen,<\/strong> Phantasie, Mut und den Wunsch haben, etwas zu bewirken, dann gibt es <strong>keinen besseren Ort<\/strong>, um Ihre Karriere aufzubauen.<\/p>\n\n<\/div>\n<\/div>","protected":false},"excerpt":{"rendered":"<p>Free Flow Medical\u00ae strebt nach Verbesserung der Lebensqualit\u00e4t f\u00fcr Patienten\/Patientinnen in der ganzen Welt. Wir sind bestrebt, unsere Mitarbeiter so zu f\u00f6rdern, dass sie die gr\u00f6\u00dftm\u00f6gliche Wirkungskraft entfalten k\u00f6nnen. Wenn Sie frische Ideen, Phantasie, Mut und den Wunsch haben, etwas zu bewirken, dann gibt es keinen besseren Ort, um Ihre Karriere aufzubauen.<\/p>\n","protected":false},"author":2,"featured_media":0,"parent":219,"menu_order":0,"comment_status":"closed","ping_status":"closed","template":"","meta":{"_acf_changed":false,"footnotes":""},"class_list":["post-2950","page","type-page","status-publish"],"acf":[],"yoast_head":"<!-- This site is optimized with the Yoast SEO plugin v27.4 - https:\/\/yoast.com\/product\/yoast-seo-wordpress\/ -->\n<title>Karrieren - Free Flow Medical \u2013 Deutsch<\/title>\n<meta name=\"robots\" content=\"index, follow, max-snippet:-1, max-image-preview:large, max-video-preview:-1\" \/>\n<link rel=\"canonical\" href=\"https:\/\/www.freeflowmedical.com\/de\/unternehmen\/karrieren\/\" \/>\n<meta property=\"og:locale\" content=\"de_DE\" \/>\n<meta property=\"og:type\" content=\"article\" \/>\n<meta property=\"og:title\" content=\"Karrieren - Free Flow Medical \u2013 Deutsch\" \/>\n<meta property=\"og:description\" content=\"Free Flow Medical\u00ae strebt nach Verbesserung der Lebensqualit\u00e4t f\u00fcr Patienten\/Patientinnen in der ganzen Welt. Wir sind bestrebt, unsere Mitarbeiter so zu f\u00f6rdern, dass sie die gr\u00f6\u00dftm\u00f6gliche Wirkungskraft entfalten k\u00f6nnen. Wenn Sie frische Ideen, Phantasie, Mut und den Wunsch haben, etwas zu bewirken, dann gibt es keinen besseren Ort, um Ihre Karriere aufzubauen.\" \/>\n<meta property=\"og:url\" content=\"https:\/\/www.freeflowmedical.com\/de\/unternehmen\/karrieren\/\" \/>\n<meta property=\"og:site_name\" content=\"Free Flow Medical \u2013 Deutsch\" \/>\n<meta property=\"article:modified_time\" content=\"2024-04-04T15:40:32+00:00\" \/>\n<meta name=\"twitter:card\" content=\"summary_large_image\" \/>\n<meta name=\"twitter:label1\" content=\"Gesch\u00e4tzte Lesezeit\" \/>\n\t<meta name=\"twitter:data1\" content=\"1\u00a0Minute\" \/>\n<script type=\"application\/ld+json\" class=\"yoast-schema-graph\">{\"@context\":\"https:\\\/\\\/schema.org\",\"@graph\":[{\"@type\":\"WebPage\",\"@id\":\"https:\\\/\\\/www.freeflowmedical.com\\\/de\\\/unternehmen\\\/karrieren\\\/\",\"url\":\"https:\\\/\\\/www.freeflowmedical.com\\\/de\\\/unternehmen\\\/karrieren\\\/\",\"name\":\"Karrieren - Free Flow Medical \u2013 Deutsch\",\"isPartOf\":{\"@id\":\"https:\\\/\\\/www.freeflowmedical.com\\\/de\\\/#website\"},\"datePublished\":\"2023-08-09T11:17:15+00:00\",\"dateModified\":\"2024-04-04T15:40:32+00:00\",\"breadcrumb\":{\"@id\":\"https:\\\/\\\/www.freeflowmedical.com\\\/de\\\/unternehmen\\\/karrieren\\\/#breadcrumb\"},\"inLanguage\":\"de\",\"potentialAction\":[{\"@type\":\"ReadAction\",\"target\":[\"https:\\\/\\\/www.freeflowmedical.com\\\/de\\\/unternehmen\\\/karrieren\\\/\"]}]},{\"@type\":\"BreadcrumbList\",\"@id\":\"https:\\\/\\\/www.freeflowmedical.com\\\/de\\\/unternehmen\\\/karrieren\\\/#breadcrumb\",\"itemListElement\":[{\"@type\":\"ListItem\",\"position\":1,\"name\":\"Startseite\",\"item\":\"https:\\\/\\\/www.freeflowmedical.com\\\/de\\\/\"},{\"@type\":\"ListItem\",\"position\":2,\"name\":\"Unternehmen\",\"item\":\"https:\\\/\\\/www.freeflowmedical.com\\\/de\\\/unternehmen\\\/\"},{\"@type\":\"ListItem\",\"position\":3,\"name\":\"Karrieren\"}]},{\"@type\":\"WebSite\",\"@id\":\"https:\\\/\\\/www.freeflowmedical.com\\\/de\\\/#website\",\"url\":\"https:\\\/\\\/www.freeflowmedical.com\\\/de\\\/\",\"name\":\"Free Flow Medical\",\"description\":\"Improving Quality of life.\",\"publisher\":{\"@id\":\"https:\\\/\\\/www.freeflowmedical.com\\\/de\\\/#organization\"},\"potentialAction\":[{\"@type\":\"SearchAction\",\"target\":{\"@type\":\"EntryPoint\",\"urlTemplate\":\"https:\\\/\\\/www.freeflowmedical.com\\\/de\\\/?s={search_term_string}\"},\"query-input\":{\"@type\":\"PropertyValueSpecification\",\"valueRequired\":true,\"valueName\":\"search_term_string\"}}],\"inLanguage\":\"de\"},{\"@type\":\"Organization\",\"@id\":\"https:\\\/\\\/www.freeflowmedical.com\\\/de\\\/#organization\",\"name\":\"Free Flow Medical\",\"url\":\"https:\\\/\\\/www.freeflowmedical.com\\\/de\\\/\",\"logo\":{\"@type\":\"ImageObject\",\"inLanguage\":\"de\",\"@id\":\"https:\\\/\\\/www.freeflowmedical.com\\\/de\\\/#\\\/schema\\\/logo\\\/image\\\/\",\"url\":\"https:\\\/\\\/www.freeflowmedical.com\\\/wp-content\\\/uploads\\\/2022\\\/03\\\/ffm_logo_color.svg\",\"contentUrl\":\"https:\\\/\\\/www.freeflowmedical.com\\\/wp-content\\\/uploads\\\/2022\\\/03\\\/ffm_logo_color.svg\",\"width\":315,\"height\":74,\"caption\":\"Free Flow Medical\"},\"image\":{\"@id\":\"https:\\\/\\\/www.freeflowmedical.com\\\/de\\\/#\\\/schema\\\/logo\\\/image\\\/\"},\"sameAs\":[\"https:\\\/\\\/www.youtube.com\\\/@freeflowmedical\"]}]}<\/script>\n<!-- \/ Yoast SEO plugin. -->","yoast_head_json":{"title":"Karrieren - Free Flow Medical \u2013 Deutsch","robots":{"index":"index","follow":"follow","max-snippet":"max-snippet:-1","max-image-preview":"max-image-preview:large","max-video-preview":"max-video-preview:-1"},"canonical":"https:\/\/www.freeflowmedical.com\/de\/unternehmen\/karrieren\/","og_locale":"de_DE","og_type":"article","og_title":"Karrieren - Free Flow Medical \u2013 Deutsch","og_description":"Free Flow Medical\u00ae strebt nach Verbesserung der Lebensqualit\u00e4t f\u00fcr Patienten\/Patientinnen in der ganzen Welt. Wir sind bestrebt, unsere Mitarbeiter so zu f\u00f6rdern, dass sie die gr\u00f6\u00dftm\u00f6gliche Wirkungskraft entfalten k\u00f6nnen. Wenn Sie frische Ideen, Phantasie, Mut und den Wunsch haben, etwas zu bewirken, dann gibt es keinen besseren Ort, um Ihre Karriere aufzubauen.","og_url":"https:\/\/www.freeflowmedical.com\/de\/unternehmen\/karrieren\/","og_site_name":"Free Flow Medical \u2013 Deutsch","article_modified_time":"2024-04-04T15:40:32+00:00","twitter_card":"summary_large_image","twitter_misc":{"Gesch\u00e4tzte Lesezeit":"1\u00a0Minute"},"schema":{"@context":"https:\/\/schema.org","@graph":[{"@type":"WebPage","@id":"https:\/\/www.freeflowmedical.com\/de\/unternehmen\/karrieren\/","url":"https:\/\/www.freeflowmedical.com\/de\/unternehmen\/karrieren\/","name":"Karrieren - Free Flow Medical \u2013 Deutsch","isPartOf":{"@id":"https:\/\/www.freeflowmedical.com\/de\/#website"},"datePublished":"2023-08-09T11:17:15+00:00","dateModified":"2024-04-04T15:40:32+00:00","breadcrumb":{"@id":"https:\/\/www.freeflowmedical.com\/de\/unternehmen\/karrieren\/#breadcrumb"},"inLanguage":"de","potentialAction":[{"@type":"ReadAction","target":["https:\/\/www.freeflowmedical.com\/de\/unternehmen\/karrieren\/"]}]},{"@type":"BreadcrumbList","@id":"https:\/\/www.freeflowmedical.com\/de\/unternehmen\/karrieren\/#breadcrumb","itemListElement":[{"@type":"ListItem","position":1,"name":"Startseite","item":"https:\/\/www.freeflowmedical.com\/de\/"},{"@type":"ListItem","position":2,"name":"Unternehmen","item":"https:\/\/www.freeflowmedical.com\/de\/unternehmen\/"},{"@type":"ListItem","position":3,"name":"Karrieren"}]},{"@type":"WebSite","@id":"https:\/\/www.freeflowmedical.com\/de\/#website","url":"https:\/\/www.freeflowmedical.com\/de\/","name":"Free Flow Medical","description":"Improving Quality of life.","publisher":{"@id":"https:\/\/www.freeflowmedical.com\/de\/#organization"},"potentialAction":[{"@type":"SearchAction","target":{"@type":"EntryPoint","urlTemplate":"https:\/\/www.freeflowmedical.com\/de\/?s={search_term_string}"},"query-input":{"@type":"PropertyValueSpecification","valueRequired":true,"valueName":"search_term_string"}}],"inLanguage":"de"},{"@type":"Organization","@id":"https:\/\/www.freeflowmedical.com\/de\/#organization","name":"Free Flow Medical","url":"https:\/\/www.freeflowmedical.com\/de\/","logo":{"@type":"ImageObject","inLanguage":"de","@id":"https:\/\/www.freeflowmedical.com\/de\/#\/schema\/logo\/image\/","url":"https:\/\/www.freeflowmedical.com\/wp-content\/uploads\/2022\/03\/ffm_logo_color.svg","contentUrl":"https:\/\/www.freeflowmedical.com\/wp-content\/uploads\/2022\/03\/ffm_logo_color.svg","width":315,"height":74,"caption":"Free Flow Medical"},"image":{"@id":"https:\/\/www.freeflowmedical.com\/de\/#\/schema\/logo\/image\/"},"sameAs":["https:\/\/www.youtube.com\/@freeflowmedical"]}]}},"_links":{"self":[{"href":"https:\/\/www.freeflowmedical.com\/de\/wp-json\/wp\/v2\/pages\/2950","targetHints":{"allow":["GET"]}}],"collection":[{"href":"https:\/\/www.freeflowmedical.com\/de\/wp-json\/wp\/v2\/pages"}],"about":[{"href":"https:\/\/www.freeflowmedical.com\/de\/wp-json\/wp\/v2\/types\/page"}],"author":[{"embeddable":true,"href":"https:\/\/www.freeflowmedical.com\/de\/wp-json\/wp\/v2\/users\/2"}],"replies":[{"embeddable":true,"href":"https:\/\/www.freeflowmedical.com\/de\/wp-json\/wp\/v2\/comments?post=2950"}],"version-history":[{"count":5,"href":"https:\/\/www.freeflowmedical.com\/de\/wp-json\/wp\/v2\/pages\/2950\/revisions"}],"predecessor-version":[{"id":4284,"href":"https:\/\/www.freeflowmedical.com\/de\/wp-json\/wp\/v2\/pages\/2950\/revisions\/4284"}],"up":[{"embeddable":true,"href":"https:\/\/www.freeflowmedical.com\/de\/wp-json\/wp\/v2\/pages\/219"}],"wp:attachment":[{"href":"https:\/\/www.freeflowmedical.com\/de\/wp-json\/wp\/v2\/media?parent=2950"}],"curies":[{"name":"wp","href":"https:\/\/api.w.org\/{rel}","templated":true}]}}